{"id":94,"date":"2026-01-23T21:23:17","date_gmt":"2026-01-23T19:23:17","guid":{"rendered":"https:\/\/www.pilates-nostrum.com\/es\/?page_id=94"},"modified":"2026-02-12T15:47:25","modified_gmt":"2026-02-12T13:47:25","slug":"nuestra-historia-2","status":"publish","type":"page","link":"https:\/\/www.pilates-nostrum.com\/ca\/index.php\/nuestra-historia-2\/","title":{"rendered":"Nuestra historia"},"content":{"rendered":"\n<p>Y llegamos aqu\u00ed con m\u00e1s de 20 a\u00f1os de trabajo en el m\u00e9todo pilates y algunos m\u00e1s en fitness.\u00a0<\/p>\n\n\n\n<p>Comenzamos en 2003 con POLESTAR en Madrid de la mano del Dr. Juan Bosco y posteriormente con CORPORA PILATES, sus representantes en Espa\u00f1a. Hemos compartido experiencia con Brent Anderson, Lolita San Miguel, entre otros, complementando nuestros conocimientos con otras t\u00e9cnicas.<\/p>\n\n\n\n<p>Y, claro est\u00e1 con todas las personas que han pasado por PILATES NOSTRUM, de las que hemos aprendido mucho m\u00e1s de lo que nunca nos hubi\u00e9ramos imaginado. Y esperamos seguir as\u00ed algunos a\u00f1os m\u00e1s\u2026<\/p>\n\n\n\n<p>Damos las gracias a todas las personas que han pasado por nuestro <em>studio<\/em> y a los que siguen acompa\u00f1\u00e1ndonos actualmente. Gracias, gracias, gracias.&nbsp;<\/p>\n\n\n\n<p>Y a las personas que nos quieran conocer, aqu\u00ed estamos con las puertas abiertas. \u2014Concertamos la primera visita con cita previa, sin compromiso alguno\u2014.<\/p>\n\n\n\n<figure class=\"wp-block-gallery has-nested-images columns-default is-cropped wp-block-gallery-1 is-layout-flex wp-block-gallery-is-layout-flex\">\n<figure class=\"wp-block-image size-large\"><img loading=\"lazy\" decoding=\"async\" width=\"746\" height=\"1024\" data-id=\"95\" src=\"https:\/\/www.pilates-nostrum.com\/wp-content\/uploads\/2026\/01\/IMG_6247.jpeg\" alt=\"\" class=\"wp-image-95\" srcset=\"https:\/\/www.pilates-nostrum.com\/wp-content\/uploads\/2026\/01\/IMG_6247.jpeg 746w, https:\/\/www.pilates-nostrum.com\/wp-content\/uploads\/2026\/01\/IMG_6247-219x300.jpeg 219w\" sizes=\"auto, (max-width: 746px) 100vw, 746px\" \/><\/figure>\n<\/figure>\n","protected":false},"excerpt":{"rendered":"<p>Y llegamos aqu\u00ed con m\u00e1s de 20 a\u00f1os de trabajo en el m\u00e9todo pilates y algunos m\u00e1s en fitness.\u00a0 Comenzamos en 2003 con POLESTAR en Madrid de la mano del Dr. Juan Bosco y posteriormente con CORPORA PILATES, sus representantes en Espa\u00f1a. Hemos compartido experiencia con Brent Anderson, Lolita San Miguel, entre otros, complementando nuestros [&hellip;]<\/p>\n","protected":false},"author":2,"featured_media":0,"parent":0,"menu_order":0,"comment_status":"closed","ping_status":"closed","template":"","meta":{"footnotes":""},"class_list":["post-94","page","type-page","status-publish","hentry"],"_links":{"self":[{"href":"https:\/\/www.pilates-nostrum.com\/ca\/index.php\/wp-json\/wp\/v2\/pages\/94","targetHints":{"allow":["GET"]}}],"collection":[{"href":"https:\/\/www.pilates-nostrum.com\/ca\/index.php\/wp-json\/wp\/v2\/pages"}],"about":[{"href":"https:\/\/www.pilates-nostrum.com\/ca\/index.php\/wp-json\/wp\/v2\/types\/page"}],"author":[{"embeddable":true,"href":"https:\/\/www.pilates-nostrum.com\/ca\/index.php\/wp-json\/wp\/v2\/users\/2"}],"replies":[{"embeddable":true,"href":"https:\/\/www.pilates-nostrum.com\/ca\/index.php\/wp-json\/wp\/v2\/comments?post=94"}],"version-history":[{"count":5,"href":"https:\/\/www.pilates-nostrum.com\/ca\/index.php\/wp-json\/wp\/v2\/pages\/94\/revisions"}],"predecessor-version":[{"id":313,"href":"https:\/\/www.pilates-nostrum.com\/ca\/index.php\/wp-json\/wp\/v2\/pages\/94\/revisions\/313"}],"wp:attachment":[{"href":"https:\/\/www.pilates-nostrum.com\/ca\/index.php\/wp-json\/wp\/v2\/media?parent=94"}],"curies":[{"name":"wp","href":"https:\/\/api.w.org\/{rel}","templated":true}]}}