{"id":152,"date":"2026-01-28T00:03:06","date_gmt":"2026-01-27T22:03:06","guid":{"rendered":"https:\/\/www.pilates-nostrum.com\/es\/?page_id=152"},"modified":"2026-02-08T21:12:21","modified_gmt":"2026-02-08T19:12:21","slug":"aviso-legal","status":"publish","type":"page","link":"https:\/\/www.pilates-nostrum.com\/ca\/index.php\/aviso-legal\/","title":{"rendered":"Aviso legal"},"content":{"rendered":"\n<p>En cumplimiento con el deber de informaci\u00f3n recogido en art\u00edculo 10 de la Ley 34\/2002, de 11 de julio, de Servicios de la Sociedad de la Informaci\u00f3n y del Comercio Electr\u00f3nico (LSSICE), el propietario de la web www.pilates-nostrum.com, le informa de lo siguiente:<\/p>\n\n\n\n<p>\u2022 Denominaci\u00f3n social: Olga Gonz\u00e1lez Corredor<\/p>\n\n\n\n<p>\u2022 NIF: 43101932R<\/p>\n\n\n\n<p>\u2022 Domicilio: C\/ Concordia, 26 Bajos. (Pilates Nostrum), 07004 &#8211; Palma (Illes Balears)<\/p>\n\n\n\n<p>Con los l\u00edmites establecidos en la ley, www.pilates-nostrum.com no asume ninguna responsabilidad derivada de la falta de veracidad, integridad, actualizaci\u00f3n y precisi\u00f3n de los datos o informaciones que se contienen en sus p\u00e1ginas de Internet.<\/p>\n\n\n\n<p>Los contenidos e informaci\u00f3n no vinculan a www.pilates-nostrum.com ni constituyen opiniones, consejos o asesoramiento legal de ning\u00fan tipo pues se trata meramente de un servicio ofrecido con car\u00e1cter informativo y divulgativo.<\/p>\n\n\n\n<p>Las p\u00e1ginas de Internet de www.pilates-nostrum.com pueden contener enlaces (links) a otras p\u00e1ginas de terceras partes que www.pilates-nostrum.com no puede controlar. Por lo tanto, www.pilates-nostrum.com no puede asumir responsabilidades por el contenido que pueda aparecer en p\u00e1ginas de terceros.<\/p>\n\n\n\n<p>Los textos, im\u00e1genes, sonidos, animaciones, software y el resto de contenidos incluidos en este website son propiedad exclusiva de www.pilates-nostrum.com o sus licenciantes. Cualquier acto de transmisi\u00f3n, distribuci\u00f3n, cesi\u00f3n, reproducci\u00f3n, almacenamiento o comunicaci\u00f3n p\u00fablica total o parcial, debe contar con el consentimiento expreso de www.pilates-nostrum.com.<\/p>\n\n\n\n<p>Asimismo, para acceder a algunos de los servicios que www.pilates-nostrum.com ofrece a trav\u00e9s del website deber\u00e1 proporcionar algunos datos de car\u00e1cter personal. En cumplimiento de lo establecido en el Reglamento (UE) 2016\/679 del Parlamento Europeo y del Consejo, de 27 de abril de 2016, relativo a la protecci\u00f3n de las personas f\u00edsicas en lo que respecta al tratamiento de datos personales y a la libre circulaci\u00f3n de estos datos le informamos que, mediante la cumplimentaci\u00f3n de los presentes formularios, sus datos personales quedar\u00e1n incorporados y ser\u00e1n tratados en los ficheros de Olga Gonz\u00e1lez Corredor con el fin de poderle prestar y ofrecer nuestros servicios as\u00ed como para informarle de las mejoras del sitio Web. Asimismo, le informamos de la posibilidad de que ejerza los derechos de acceso, rectificaci\u00f3n, cancelaci\u00f3n y oposici\u00f3n de sus datos de car\u00e1cter personal, manera gratuita mediante email a olga@pilates-nostrum.com o en la direcci\u00f3n C\/ Concordia, 26 Bajos. (Pilates Nostrum), 07004 &#8211; Palma (Illes Balears).<\/p>\n\n\n\n<p><\/p>\n\n\n\n<p><\/p>\n","protected":false},"excerpt":{"rendered":"<p>En cumplimiento con el deber de informaci\u00f3n recogido en art\u00edculo 10 de la Ley 34\/2002, de 11 de julio, de Servicios de la Sociedad de la Informaci\u00f3n y del Comercio Electr\u00f3nico (LSSICE), el propietario de la web www.pilates-nostrum.com, le informa de lo siguiente: \u2022 Denominaci\u00f3n social: Olga Gonz\u00e1lez Corredor \u2022 NIF: 43101932R \u2022 Domicilio: C\/ [&hellip;]<\/p>\n","protected":false},"author":2,"featured_media":0,"parent":0,"menu_order":0,"comment_status":"closed","ping_status":"closed","template":"","meta":{"footnotes":""},"class_list":["post-152","page","type-page","status-publish","hentry"],"_links":{"self":[{"href":"https:\/\/www.pilates-nostrum.com\/ca\/index.php\/wp-json\/wp\/v2\/pages\/152","targetHints":{"allow":["GET"]}}],"collection":[{"href":"https:\/\/www.pilates-nostrum.com\/ca\/index.php\/wp-json\/wp\/v2\/pages"}],"about":[{"href":"https:\/\/www.pilates-nostrum.com\/ca\/index.php\/wp-json\/wp\/v2\/types\/page"}],"author":[{"embeddable":true,"href":"https:\/\/www.pilates-nostrum.com\/ca\/index.php\/wp-json\/wp\/v2\/users\/2"}],"replies":[{"embeddable":true,"href":"https:\/\/www.pilates-nostrum.com\/ca\/index.php\/wp-json\/wp\/v2\/comments?post=152"}],"version-history":[{"count":2,"href":"https:\/\/www.pilates-nostrum.com\/ca\/index.php\/wp-json\/wp\/v2\/pages\/152\/revisions"}],"predecessor-version":[{"id":177,"href":"https:\/\/www.pilates-nostrum.com\/ca\/index.php\/wp-json\/wp\/v2\/pages\/152\/revisions\/177"}],"wp:attachment":[{"href":"https:\/\/www.pilates-nostrum.com\/ca\/index.php\/wp-json\/wp\/v2\/media?parent=152"}],"curies":[{"name":"wp","href":"https:\/\/api.w.org\/{rel}","templated":true}]}}